{"id":7,"date":"2023-04-20T22:24:09","date_gmt":"2023-04-20T22:24:09","guid":{"rendered":"https:\/\/sublimacionquito.com\/?page_id=7"},"modified":"2023-05-03T02:44:08","modified_gmt":"2023-05-03T02:44:08","slug":"inicio","status":"publish","type":"page","link":"https:\/\/sublimacionquito.com\/","title":{"rendered":"Inicio"},"content":{"rendered":"\n<div class=\"wp-block-cover alignfull\" style=\"padding-top:0;padding-right:0;padding-bottom:0;padding-left:0;min-height:609px;aspect-ratio:unset;\"><span aria-hidden=\"true\" class=\"wp-block-cover__background has-ast-global-color-5-background-color has-background-dim-100 has-background-dim\"><\/span><div class=\"wp-block-cover__inner-container is-layout-flow wp-block-cover-is-layout-flow\">\n<div class=\"inherit-container-width wp-block-group alignwide is-layout-constrained wp-block-group-is-layout-constrained\">\n<div class=\"wp-block-media-text alignwide has-media-on-the-right is-stacked-on-mobile is-vertically-aligned-center is-image-fill\" style=\"grid-template-columns:auto 54%\"><div class=\"wp-block-media-text__content\">\n<h1 class=\"wp-block-heading has-text-align-center has-text-color\" style=\"color:#215096;font-size:46px;font-style:normal;font-weight:800\"><strong>El mejor aliado para tu negocio<\/strong><\/h1>\n\n\n\n<p class=\"has-text-align-center has-text-color\" style=\"color:#215096\">Contamos con servicio de sublimaci\u00f3n a gran escala, calandrado al calor y vinil en DTF<\/p>\n\n\n\n<div class=\"wp-block-buttons is-content-justification-center is-layout-flex wp-container-core-buttons-is-layout-72caf8c6 wp-block-buttons-is-layout-flex\">\n<div class=\"wp-block-button\"><a class=\"wp-block-button__link has-ast-global-color-5-color has-text-color has-background wp-element-button\" href=\"https:\/\/wa.link\/f6wb39\" style=\"background-color:#215096\">Cont\u00e1ctanos<\/a><\/div>\n<\/div>\n<\/div><figure class=\"wp-block-media-text__media\" style=\"background-image:url(https:\/\/sublimacionquito.com\/wp-content\/uploads\/2023\/04\/3Bodegon-Sublimacion-quito.png);background-position:49% 44%\"><img loading=\"lazy\" decoding=\"async\" width=\"1936\" height=\"888\" src=\"https:\/\/sublimacionquito.com\/wp-content\/uploads\/2023\/04\/3Bodegon-Sublimacion-quito.png\" alt=\"\" class=\"wp-image-126 size-full\" srcset=\"https:\/\/sublimacionquito.com\/wp-content\/uploads\/2023\/04\/3Bodegon-Sublimacion-quito.png 1936w, https:\/\/sublimacionquito.com\/wp-content\/uploads\/2023\/04\/3Bodegon-Sublimacion-quito-600x275.png 600w, https:\/\/sublimacionquito.com\/wp-content\/uploads\/2023\/04\/3Bodegon-Sublimacion-quito-300x138.png 300w, https:\/\/sublimacionquito.com\/wp-content\/uploads\/2023\/04\/3Bodegon-Sublimacion-quito-1024x470.png 1024w, https:\/\/sublimacionquito.com\/wp-content\/uploads\/2023\/04\/3Bodegon-Sublimacion-quito-768x352.png 768w, https:\/\/sublimacionquito.com\/wp-content\/uploads\/2023\/04\/3Bodegon-Sublimacion-quito-1536x705.png 1536w\" sizes=\"auto, (max-width: 1936px) 100vw, 1936px\" \/><\/figure><\/div>\n<\/div>\n<\/div><\/div>\n\n\n\n<div class=\"wp-block-group alignfull has-ast-global-color-5-background-color has-background is-layout-constrained wp-container-core-group-is-layout-cdc89bc9 wp-block-group-is-layout-constrained\" style=\"padding-top:0;padding-bottom:0px\">\n<div class=\"wp-block-columns are-vertically-aligned-top is-layout-flex wp-container-core-columns-is-layout-00723822 wp-block-columns-is-layout-flex\">\n<div class=\"wp-block-column is-vertically-aligned-top is-layout-flow wp-container-core-column-is-layout-6b73ce23 wp-block-column-is-layout-flow\">\n<figure class=\"wp-block-image size-large\"><img decoding=\"async\" src=\"https:\/\/sublimacionquito.com\/wp-content\/themes\/astra\/inc\/assets\/images\/starter-content\/shopping-bag.svg\" alt=\"\" class=\"wp-image-135\"\/><\/figure>\n\n\n\n<h3 class=\"wp-block-heading has-text-align-left\" style=\"margin-top:16px\">Visita nuestra tienda de productos <\/h3>\n\n\n\n<p class=\"has-text-align-left\">Compra en l\u00ednea de forma f\u00e1cil y segura con nuestra amplia selecci\u00f3n de productos y entrega r\u00e1pida.<\/p>\n<\/div>\n\n\n\n<div class=\"wp-block-column is-vertically-aligned-top is-layout-flow wp-container-core-column-is-layout-6b73ce23 wp-block-column-is-layout-flow\">\n<figure class=\"wp-block-image size-large\"><img decoding=\"async\" src=\"https:\/\/sublimacionquito.com\/wp-content\/themes\/astra\/inc\/assets\/images\/starter-content\/blog.svg\" alt=\"\" class=\"wp-image-136\"\/><\/figure>\n\n\n\n<h3 class=\"wp-block-heading has-text-align-left\" style=\"margin-top:16px\">Garantizamos la calidad de nuestro servicios<\/h3>\n\n\n\n<p class=\"has-text-align-left\">Garant\u00eda de calidad en todos nuestros productos y servicios para tu satisfacci\u00f3n total.<\/p>\n<\/div>\n\n\n\n<div class=\"wp-block-column is-vertically-aligned-top is-layout-flow wp-container-core-column-is-layout-6b73ce23 wp-block-column-is-layout-flow\">\n<figure class=\"wp-block-image size-large\"><img decoding=\"async\" src=\"https:\/\/sublimacionquito.com\/wp-content\/themes\/astra\/inc\/assets\/images\/starter-content\/portfolio.svg\" alt=\"\" class=\"wp-image-137\"\/><\/figure>\n\n\n\n<h3 class=\"wp-block-heading has-text-align-left\" style=\"margin-top:16px\">Env\u00edos a todo el pa\u00eds<\/h3>\n\n\n\n<p class=\"has-text-align-left\">Entregas de lunes a viernes a todo el Ecuador.<\/p>\n<\/div>\n<\/div>\n<\/div>\n\n\n\n<div class=\"wp-block-group alignfull is-layout-constrained wp-container-core-group-is-layout-45b0ac4f wp-block-group-is-layout-constrained\" id=\"services\" style=\"padding-top:144px;padding-bottom:0px\">\n<h2 class=\"wp-block-heading\">Nuestros Servicios<\/h2>\n\n\n\n<div class=\"wp-block-columns is-layout-flex wp-container-core-columns-is-layout-60cbf9bb wp-block-columns-is-layout-flex\" style=\"margin-top:50px\">\n<div class=\"wp-block-column is-layout-flow wp-container-core-column-is-layout-6b73ce23 wp-block-column-is-layout-flow\">\n<figure class=\"wp-block-image size-large\"><img loading=\"lazy\" decoding=\"async\" width=\"682\" height=\"1024\" src=\"https:\/\/sublimacionquito.com\/wp-content\/uploads\/2023\/04\/Sublimacion-a-gran-escala-682x1024.png\" alt=\"\" class=\"wp-image-129\" srcset=\"https:\/\/sublimacionquito.com\/wp-content\/uploads\/2023\/04\/Sublimacion-a-gran-escala-682x1024.png 682w, https:\/\/sublimacionquito.com\/wp-content\/uploads\/2023\/04\/Sublimacion-a-gran-escala-600x900.png 600w, https:\/\/sublimacionquito.com\/wp-content\/uploads\/2023\/04\/Sublimacion-a-gran-escala-200x300.png 200w, https:\/\/sublimacionquito.com\/wp-content\/uploads\/2023\/04\/Sublimacion-a-gran-escala-768x1152.png 768w, https:\/\/sublimacionquito.com\/wp-content\/uploads\/2023\/04\/Sublimacion-a-gran-escala.png 833w\" sizes=\"auto, (max-width: 682px) 100vw, 682px\" \/><\/figure>\n\n\n\n<h3 class=\"wp-block-heading\" style=\"margin-top:16px\">Sublimaci\u00f3n a gran escala<\/h3>\n\n\n\n<p>La sublimaci\u00f3n ofrece numerosos beneficios, como colores vibrantes y duraderos en una amplia variedad de materiales, mayor precisi\u00f3n en la reproducci\u00f3n de im\u00e1genes y personalizaci\u00f3n de productos. Adem\u00e1s, es una t\u00e9cnica m\u00e1s respetuosa con el medio ambiente al utilizar menos tinta y producir menos residuos.<\/p>\n<\/div>\n\n\n\n<div class=\"wp-block-column is-layout-flow wp-container-core-column-is-layout-6b73ce23 wp-block-column-is-layout-flow\">\n<figure class=\"wp-block-image size-large\"><img loading=\"lazy\" decoding=\"async\" width=\"682\" height=\"1024\" src=\"https:\/\/sublimacionquito.com\/wp-content\/uploads\/2023\/04\/Calandrado-682x1024.jpg\" alt=\"\" class=\"wp-image-131\" srcset=\"https:\/\/sublimacionquito.com\/wp-content\/uploads\/2023\/04\/Calandrado-682x1024.jpg 682w, https:\/\/sublimacionquito.com\/wp-content\/uploads\/2023\/04\/Calandrado-600x900.jpg 600w, https:\/\/sublimacionquito.com\/wp-content\/uploads\/2023\/04\/Calandrado-200x300.jpg 200w, https:\/\/sublimacionquito.com\/wp-content\/uploads\/2023\/04\/Calandrado-768x1152.jpg 768w, https:\/\/sublimacionquito.com\/wp-content\/uploads\/2023\/04\/Calandrado.jpg 833w\" sizes=\"auto, (max-width: 682px) 100vw, 682px\" \/><\/figure>\n\n\n\n<h3 class=\"wp-block-heading\" style=\"margin-top:16px\">Calandrado al calor<\/h3>\n\n\n\n<p>La maquina calandra ofrece m\u00faltiples beneficios en el \u00e1rea textil, como la transferencia precisa y duradera de dise\u00f1os en una amplia variedad de telas, reducci\u00f3n de costos y tiempos de entrega, aumento de la eficiencia y productividad en la producci\u00f3n de textiles personalizados, eliminaci\u00f3n de procesos manuales y repetitivos, y alta versatilidad para grandes vol\u00famenes de producci\u00f3n.<\/p>\n<\/div>\n\n\n\n<div class=\"wp-block-column is-layout-flow wp-container-core-column-is-layout-6b73ce23 wp-block-column-is-layout-flow\">\n<figure class=\"wp-block-image size-large\"><img loading=\"lazy\" decoding=\"async\" width=\"682\" height=\"1024\" src=\"https:\/\/sublimacionquito.com\/wp-content\/uploads\/2023\/04\/dtf-682x1024.jpg\" alt=\"\" class=\"wp-image-133\" srcset=\"https:\/\/sublimacionquito.com\/wp-content\/uploads\/2023\/04\/dtf-682x1024.jpg 682w, https:\/\/sublimacionquito.com\/wp-content\/uploads\/2023\/04\/dtf-600x900.jpg 600w, https:\/\/sublimacionquito.com\/wp-content\/uploads\/2023\/04\/dtf-200x300.jpg 200w, https:\/\/sublimacionquito.com\/wp-content\/uploads\/2023\/04\/dtf-768x1152.jpg 768w, https:\/\/sublimacionquito.com\/wp-content\/uploads\/2023\/04\/dtf.jpg 833w\" sizes=\"auto, (max-width: 682px) 100vw, 682px\" \/><\/figure>\n\n\n\n<h3 class=\"wp-block-heading\" style=\"margin-top:16px\">Impresi\u00f3n DTF <\/h3>\n\n\n\n<p>La t\u00e9cnica DTF (Direct to Film) en el \u00e1rea textil ofrece m\u00faltiples beneficios, como alta calidad de impresi\u00f3n, gran durabilidad, alta precisi\u00f3n y nitidez en detalles, posibilidad de impresi\u00f3n en una amplia variedad de telas y colores, y resistencia al agua y al lavado. Adem\u00e1s, es una t\u00e9cnica de bajo costo, f\u00e1cil de usar y que permite una producci\u00f3n eficiente y r\u00e1pida de textiles personalizados.<\/p>\n<\/div>\n<\/div>\n\n\n\n<div style=\"height:100px\" aria-hidden=\"true\" class=\"wp-block-spacer\"><\/div>\n\n\n\n<h2 class=\"wp-block-heading\">Nuestros Productos<\/h2>\n\n\n\n<div class=\"wp-block-buttons alignwide is-content-justification-left is-layout-flex wp-container-core-buttons-is-layout-fc4fd283 wp-block-buttons-is-layout-flex\"><\/div>\n\n\n\n<div class=\"inherit-container-width wp-block-group alignwide is-layout-constrained wp-block-group-is-layout-constrained\"><div data-block-name=\"woocommerce\/all-products\" data-columns=\"3\" data-rows=\"3\" data-align-buttons=\"false\" data-content-visibility=\"{&quot;orderBy&quot;:false}\" data-orderby=\"date\" data-layout-config=\"[[&quot;woocommerce\\\/product-image&quot;,{&quot;showProductLink&quot;:true,&quot;showSaleBadge&quot;:true,&quot;saleBadgeAlign&quot;:&quot;right&quot;,&quot;imageSizing&quot;:&quot;cropped&quot;,&quot;productId&quot;:0,&quot;isDescendentOfQueryLoop&quot;:false,&quot;children&quot;:[]}],[&quot;woocommerce\\\/product-title&quot;,{&quot;headingLevel&quot;:2,&quot;showProductLink&quot;:true,&quot;productId&quot;:0,&quot;children&quot;:[]}],[&quot;woocommerce\\\/product-price&quot;,{&quot;productId&quot;:259,&quot;isDescendentOfQueryLoop&quot;:false,&quot;textAlign&quot;:&quot;&quot;,&quot;isDescendentOfSingleProductTemplate&quot;:false,&quot;children&quot;:[]}],[&quot;woocommerce\\\/product-button&quot;,{&quot;productId&quot;:0,&quot;isDescendentOfQueryLoop&quot;:false,&quot;textAlign&quot;:&quot;&quot;,&quot;children&quot;:[]}]]\" class=\"wp-block-woocommerce-all-products alignwide wc-block-all-products\" data-attributes=\"{&quot;align&quot;:&quot;wide&quot;,&quot;alignButtons&quot;:false,&quot;columns&quot;:3,&quot;contentVisibility&quot;:{&quot;orderBy&quot;:false},&quot;isPreview&quot;:false,&quot;layoutConfig&quot;:[[&quot;woocommerce\/product-image&quot;,{&quot;showProductLink&quot;:true,&quot;showSaleBadge&quot;:true,&quot;saleBadgeAlign&quot;:&quot;right&quot;,&quot;imageSizing&quot;:&quot;cropped&quot;,&quot;productId&quot;:0,&quot;isDescendentOfQueryLoop&quot;:false,&quot;children&quot;:[]}],[&quot;woocommerce\/product-title&quot;,{&quot;headingLevel&quot;:2,&quot;showProductLink&quot;:true,&quot;productId&quot;:0,&quot;children&quot;:[]}],[&quot;woocommerce\/product-price&quot;,{&quot;productId&quot;:259,&quot;isDescendentOfQueryLoop&quot;:false,&quot;textAlign&quot;:&quot;&quot;,&quot;isDescendentOfSingleProductTemplate&quot;:false,&quot;children&quot;:[]}],[&quot;woocommerce\/product-button&quot;,{&quot;productId&quot;:0,&quot;isDescendentOfQueryLoop&quot;:false,&quot;textAlign&quot;:&quot;&quot;,&quot;children&quot;:[]}]],&quot;orderby&quot;:&quot;date&quot;,&quot;rows&quot;:3}\"><div data-block-name=\"woocommerce\/product-image\" data-image-sizing=\"cropped\" class=\"is-loading\"><\/div>\n\n<div data-block-name=\"woocommerce\/product-title\" class=\"wp-block-woocommerce-product-title is-loading\"><\/div>\n\n\n\n<div data-block-name=\"woocommerce\/product-button\" class=\"is-loading\"><\/div><\/div><\/div>\n<\/div>\n\n\n\n<div class=\"wp-block-group alignfull is-layout-constrained wp-container-core-group-is-layout-3fee123f wp-block-group-is-layout-constrained\" id=\"whyus\" style=\"padding-top:144px;padding-bottom:144px\">\n<h2 class=\"wp-block-heading\">Nuestros valores<\/h2>\n\n\n\n<div class=\"wp-block-columns is-layout-flex wp-container-core-columns-is-layout-29aadeec wp-block-columns-is-layout-flex\" style=\"margin-top:60px\">\n<div class=\"wp-block-column is-layout-flow wp-container-core-column-is-layout-6b73ce23 wp-block-column-is-layout-flow\">\n<figure class=\"wp-block-image size-large\"><img decoding=\"async\" src=\"https:\/\/sublimacionquito.com\/wp-content\/themes\/astra\/inc\/assets\/images\/starter-content\/passionate.svg\" alt=\"\" class=\"wp-image-162\"\/><\/figure>\n\n\n\n<h3 class=\"wp-block-heading\" style=\"margin-top:16px\">Apasionados<\/h3>\n\n\n\n<p>La pasi\u00f3n empresarial es el motor que impulsa el compromiso, la innovaci\u00f3n y el \u00e9xito sostenible de nuestra empresa.<\/p>\n<\/div>\n\n\n\n<div class=\"wp-block-column is-layout-flow wp-container-core-column-is-layout-6b73ce23 wp-block-column-is-layout-flow\">\n<figure class=\"wp-block-image size-large\"><img decoding=\"async\" src=\"https:\/\/sublimacionquito.com\/wp-content\/themes\/astra\/inc\/assets\/images\/starter-content\/professional.svg\" alt=\"\" class=\"wp-image-163\"\/><\/figure>\n\n\n\n<h3 class=\"wp-block-heading\" style=\"margin-top:16px\">Professionales<\/h3>\n\n\n\n<p>Mantenemos altos est\u00e1ndares \u00e9ticos y de calidad en el desempe\u00f1o de las tareas, inspirando confianza y respeto en los clientes y colegas.<\/p>\n<\/div>\n\n\n\n<div class=\"wp-block-column is-layout-flow wp-container-core-column-is-layout-6b73ce23 wp-block-column-is-layout-flow\">\n<figure class=\"wp-block-image size-large\"><img decoding=\"async\" src=\"https:\/\/sublimacionquito.com\/wp-content\/themes\/astra\/inc\/assets\/images\/starter-content\/support.svg\" alt=\"\" class=\"wp-image-164\"\/><\/figure>\n\n\n\n<h3 class=\"wp-block-heading\" style=\"margin-top:16px\">Proactivos<\/h3>\n\n\n\n<p>Nos permite anticiparnos a los problemas, identificar oportunidades y actuar en consecuencia. De esta forma, podemos ofrecer soluciones eficaces y mantener nuestra posici\u00f3n de liderazgo en el mercado.<\/p>\n<\/div>\n<\/div>\n<\/div>\n\n\n\n<div class=\"wp-block-group alignfull has-background is-layout-constrained wp-container-core-group-is-layout-cfcca693 wp-block-group-is-layout-constrained\" id=\"contact\" style=\"background:linear-gradient(35deg,rgb(33,80,150) 2%,rgb(0,127,186) 58%,rgb(34,156,203) 96%);padding-top:104px;padding-bottom:104px\">\n<h2 class=\"wp-block-heading has-text-align-center has-text-color\" style=\"color:#ffffff\">Mira nuestro cat\u00e1logo de productos!<\/h2>\n\n\n\n<div class=\"wp-block-buttons alignwide is-horizontal is-content-justification-center is-layout-flex wp-container-core-buttons-is-layout-bba8380a wp-block-buttons-is-layout-flex\" style=\"margin-top:50px\">\n<div class=\"wp-block-button\"><a class=\"wp-block-button__link wp-element-button\">Cat\u00e1logo<\/a><\/div>\n<\/div>\n<\/div>\n","protected":false},"excerpt":{"rendered":"<p>Visita nuestra tienda de productos Compra en l\u00ednea de forma f\u00e1cil y segura con nuestra amplia selecci\u00f3n de productos y entrega r\u00e1pida. Garantizamos la calidad de nuestro servicios Garant\u00eda de calidad en todos nuestros productos y servicios para tu satisfacci\u00f3n total. Env\u00edos a todo el pa\u00eds Entregas de lunes a viernes a todo el Ecuador. &hellip;<\/p>\n<p class=\"read-more\"> <a class=\"\" href=\"https:\/\/sublimacionquito.com\/\"> <span class=\"screen-reader-text\">Inicio<\/span> Leer m\u00e1s &raquo;<\/a><\/p>\n","protected":false},"author":1,"featured_media":0,"parent":0,"menu_order":0,"comment_status":"closed","ping_status":"closed","template":"","meta":{"site-sidebar-layout":"no-sidebar","site-content-layout":"plain-container","ast-global-header-display":"","ast-main-header-display":"","ast-hfb-above-header-display":"","ast-hfb-below-header-display":"","ast-hfb-mobile-header-display":"","site-post-title":"disabled","ast-breadcrumbs-content":"","ast-featured-img":"","footer-sml-layout":"","theme-transparent-header-meta":"enabled","adv-header-id-meta":"","stick-header-meta":"","header-above-stick-meta":"","header-main-stick-meta":"","header-below-stick-meta":"","footnotes":""},"class_list":["post-7","page","type-page","status-publish","hentry"],"_links":{"self":[{"href":"https:\/\/sublimacionquito.com\/index.php?rest_route=\/wp\/v2\/pages\/7","targetHints":{"allow":["GET"]}}],"collection":[{"href":"https:\/\/sublimacionquito.com\/index.php?rest_route=\/wp\/v2\/pages"}],"about":[{"href":"https:\/\/sublimacionquito.com\/index.php?rest_route=\/wp\/v2\/types\/page"}],"author":[{"embeddable":true,"href":"https:\/\/sublimacionquito.com\/index.php?rest_route=\/wp\/v2\/users\/1"}],"replies":[{"embeddable":true,"href":"https:\/\/sublimacionquito.com\/index.php?rest_route=%2Fwp%2Fv2%2Fcomments&post=7"}],"version-history":[{"count":59,"href":"https:\/\/sublimacionquito.com\/index.php?rest_route=\/wp\/v2\/pages\/7\/revisions"}],"predecessor-version":[{"id":365,"href":"https:\/\/sublimacionquito.com\/index.php?rest_route=\/wp\/v2\/pages\/7\/revisions\/365"}],"wp:attachment":[{"href":"https:\/\/sublimacionquito.com\/index.php?rest_route=%2Fwp%2Fv2%2Fmedia&parent=7"}],"curies":[{"name":"wp","href":"https:\/\/api.w.org\/{rel}","templated":true}]}}